{"id":188,"date":"2022-09-07T19:18:23","date_gmt":"2022-09-07T17:18:23","guid":{"rendered":"https:\/\/duron900.de\/eislaufen\/?page_id=188"},"modified":"2024-03-13T20:22:32","modified_gmt":"2024-03-13T19:22:32","slug":"startseite","status":"publish","type":"page","link":"https:\/\/duron900.de\/eislaufen\/","title":{"rendered":"Startseite"},"content":{"rendered":"\r\n<p>Hier findest du alle Termine f\u00fcr deine Eiszeit.<\/p>\r\n\r\n\r\n\r\n<p>F\u00fcr jeden ist was dabei.<\/p>\r\n\r\n\r\n\r\n<p>Egal ob Anf\u00e4nger oder Fortgeschritten, du wirst ins Schwitzen kommen und jede Menge Spa\u00df haben.<\/p>\r\n<p>&nbsp;<\/p>\r\n\r\n\r\n\r\n<div style=\"width: 640px;\" class=\"wp-video\"><!--[if lt IE 9]><script>document.createElement('video');<\/script><![endif]-->\n<video class=\"wp-video-shortcode\" id=\"video-188-1\" width=\"640\" height=\"360\" preload=\"metadata\" controls=\"controls\"><source type=\"video\/mp4\" src=\"https:\/\/duron900.de\/eislaufen\/wp-content\/uploads\/2024\/03\/promo1.mp4?_=1\" \/><a href=\"https:\/\/duron900.de\/eislaufen\/wp-content\/uploads\/2024\/03\/promo1.mp4\">https:\/\/duron900.de\/eislaufen\/wp-content\/uploads\/2024\/03\/promo1.mp4<\/a><\/video><\/div>\r\n<!-- \/wp:paragraph -->","protected":false},"excerpt":{"rendered":"<p>Hier findest du alle Termine f\u00fcr deine Eiszeit. F\u00fcr jeden ist was dabei. Egal ob Anf\u00e4nger oder Fortgeschritten, du wirst ins Schwitzen kommen und jede Menge Spa\u00df haben. &nbsp;<\/p>\n","protected":false},"author":1,"featured_media":0,"parent":0,"menu_order":0,"comment_status":"closed","ping_status":"closed","template":"","meta":[],"_links":{"self":[{"href":"https:\/\/duron900.de\/eislaufen\/index.php?rest_route=\/wp\/v2\/pages\/188"}],"collection":[{"href":"https:\/\/duron900.de\/eislaufen\/index.php?rest_route=\/wp\/v2\/pages"}],"about":[{"href":"https:\/\/duron900.de\/eislaufen\/index.php?rest_route=\/wp\/v2\/types\/page"}],"author":[{"embeddable":true,"href":"https:\/\/duron900.de\/eislaufen\/index.php?rest_route=\/wp\/v2\/users\/1"}],"replies":[{"embeddable":true,"href":"https:\/\/duron900.de\/eislaufen\/index.php?rest_route=%2Fwp%2Fv2%2Fcomments&post=188"}],"version-history":[{"count":12,"href":"https:\/\/duron900.de\/eislaufen\/index.php?rest_route=\/wp\/v2\/pages\/188\/revisions"}],"predecessor-version":[{"id":741,"href":"https:\/\/duron900.de\/eislaufen\/index.php?rest_route=\/wp\/v2\/pages\/188\/revisions\/741"}],"wp:attachment":[{"href":"https:\/\/duron900.de\/eislaufen\/index.php?rest_route=%2Fwp%2Fv2%2Fmedia&parent=188"}],"curies":[{"name":"wp","href":"https:\/\/api.w.org\/{rel}","templated":true}]}}