{"id":211,"date":"2022-11-03T16:21:10","date_gmt":"2022-11-03T15:21:10","guid":{"rendered":"https:\/\/duron900.de\/eislaufen\/?page_id=211"},"modified":"2024-11-07T17:36:00","modified_gmt":"2024-11-07T16:36:00","slug":"10er-karte","status":"publish","type":"page","link":"https:\/\/duron900.de\/eislaufen\/?page_id=211","title":{"rendered":"Sammel-Karte"},"content":{"rendered":"\r\n<p>Bestell dir deine neue Sammel-Karte und sammel flei\u00dfig Stempel.<\/p>\r\n\r\n\r\n\r\n<figure class=\"wp-block-pullquote has-text-align-left\">\r\n<blockquote>\r\n<p>Preise f\u00fcr eine <span style=\"color: #ff0000;\">5<\/span>-er Karte:<br \/><br \/>F\u00fcr Kinder und Jugendliche: 60\u20ac<br \/>F\u00fcr Erwachsene: 75\u20ac<\/p>\r\n<\/blockquote>\r\n<\/figure>\r\n\r\n\r\n\r\n<figure class=\"wp-block-pullquote has-text-align-left\">\r\n<blockquote>\r\n<p>Preise f\u00fcr eine <span style=\"color: #ff0000;\">9<\/span>-er Karte:<br \/><br \/>F\u00fcr Kinder und Jugendliche: 108\u20ac<br \/>F\u00fcr Erwachsene: 135\u20ac<\/p>\r\n<\/blockquote>\r\n<\/figure>\r\n\r\n\r\n\r\n<figure class=\"wp-block-pullquote has-text-align-left\">\r\n<blockquote>\r\n<p>Preise f\u00fcr eine <span style=\"color: #ff0000;\">10<\/span>-er Karte:<br \/><br \/>F\u00fcr Kinder und Jugendliche: 120\u20ac<br \/>F\u00fcr Erwachsene: 150\u20ac<\/p>\r\n<\/blockquote>\r\n<\/figure>\r\n","protected":false},"excerpt":{"rendered":"<p>Bestell dir deine neue Sammel-Karte und sammel flei\u00dfig Stempel. Preise f\u00fcr eine 5-er Karte: F\u00fcr Kinder und Jugendliche: 60\u20acF\u00fcr Erwachsene: 75\u20ac Preise f\u00fcr eine 9-er Karte: F\u00fcr Kinder und Jugendliche: 108\u20acF\u00fcr Erwachsene: 135\u20ac Preise f\u00fcr eine 10-er Karte: F\u00fcr Kinder und Jugendliche: 120\u20acF\u00fcr Erwachsene: 150\u20ac<\/p>\n","protected":false},"author":1,"featured_media":0,"parent":0,"menu_order":0,"comment_status":"open","ping_status":"closed","template":"","meta":[],"_links":{"self":[{"href":"https:\/\/duron900.de\/eislaufen\/index.php?rest_route=\/wp\/v2\/pages\/211"}],"collection":[{"href":"https:\/\/duron900.de\/eislaufen\/index.php?rest_route=\/wp\/v2\/pages"}],"about":[{"href":"https:\/\/duron900.de\/eislaufen\/index.php?rest_route=\/wp\/v2\/types\/page"}],"author":[{"embeddable":true,"href":"https:\/\/duron900.de\/eislaufen\/index.php?rest_route=\/wp\/v2\/users\/1"}],"replies":[{"embeddable":true,"href":"https:\/\/duron900.de\/eislaufen\/index.php?rest_route=%2Fwp%2Fv2%2Fcomments&post=211"}],"version-history":[{"count":12,"href":"https:\/\/duron900.de\/eislaufen\/index.php?rest_route=\/wp\/v2\/pages\/211\/revisions"}],"predecessor-version":[{"id":807,"href":"https:\/\/duron900.de\/eislaufen\/index.php?rest_route=\/wp\/v2\/pages\/211\/revisions\/807"}],"wp:attachment":[{"href":"https:\/\/duron900.de\/eislaufen\/index.php?rest_route=%2Fwp%2Fv2%2Fmedia&parent=211"}],"curies":[{"name":"wp","href":"https:\/\/api.w.org\/{rel}","templated":true}]}}