{"id":372,"date":"2023-04-24T18:39:27","date_gmt":"2023-04-24T16:39:27","guid":{"rendered":"https:\/\/duron900.de\/eislaufen\/?page_id=372"},"modified":"2023-11-09T21:32:21","modified_gmt":"2023-11-09T20:32:21","slug":"faq","status":"publish","type":"page","link":"https:\/\/duron900.de\/eislaufen\/?page_id=372","title":{"rendered":"FAQ"},"content":{"rendered":"\n<p>Hier findest du zu vielen Fragen, die passende Antwort<\/p>\n\n\n\n<ul>\n<li><mark style=\"background-color:#ffef8e\" class=\"has-inline-color has-dark-gray-color\">Wo finde ich die Termine zum Eislaufen?<\/mark>\n<ul>\n<li>Alle Termine findest du, indem du <a href=\"https:\/\/duron900.de\/eislaufen\/?post_type=meetup\" data-type=\"URL\" data-id=\"https:\/\/duron900.de\/eislaufen\/?post_type=meetup\">HIER<\/a> klickst.<\/li>\n<\/ul>\n<\/li>\n<\/ul>\n\n\n\n<ul>\n<li><mark style=\"background-color:#ffef8e\" class=\"has-inline-color has-dark-gray-color\">Wie kann ich mir einen Platz auf dem Eis sichern?<\/mark>\n<ul>\n<li>Eine Anleitung zum Buchen von Terminen findest du <a href=\"https:\/\/duron900.de\/eislaufen\/?page_id=672\" data-type=\"page\" data-id=\"672\">HIER<\/a><\/li>\n<\/ul>\n<\/li>\n<\/ul>\n\n\n\n<ul>\n<li><mark style=\"background-color:#ffef8e\" class=\"has-inline-color has-dark-gray-color\">Wieviel kostet eine Stunde Eislaufen?<\/mark>  \n<ul>\n<li>Der finale Preis kann je nach Termin variieren, da das Trainerhonorar sich an den Teilnehmern orientiert. In jedem Termin sind aber mindestens 14 Euro Patcheis Geb\u00fchr f\u00fcr die Nutzung des Eises au\u00dferhalb der \u00f6ffentlichen Laufzeiten zu entrichten. <br>Grunds\u00e4tzlich gilt:\n<ul>\n<li><mark style=\"background-color:#7ff072\" class=\"has-inline-color has-dark-gray-color\">Kurse (Ostern und Herbst):<\/mark><br>Kurse haben einen festen Preis der Honorar und Eismiete beinhaltet, diese werden rechtzeitig vorher kommuniziert und gehen \u00fcber mehrere Tage. Die Anmeldung erfolgt \u00fcber die Terminen in der \u00dcbersicht und laufen entsprechend als &#8222;Kurs&#8220;. Hier kann jeder mitmachen vom Anf\u00e4nger bis hin zum Profi.<\/li>\n\n\n\n<li><mark style=\"background-color:#7ff072\" class=\"has-inline-color has-dark-gray-color\">Miete der gesamten Eisfl\u00e4che:<\/mark><br>Die gesamte Eisfl\u00e4che wird gemietet. Die Miete wird unter allen Teilnehmern aufgeteilt, dazu kommt zus\u00e4tzlich das Trainerhonorar.<\/li>\n\n\n\n<li><mark style=\"background-color:#7ff072\" class=\"has-inline-color has-dark-gray-color\">Patcheis:<\/mark><br>Nach der \u00f6ffentlichen Laufzeit gibt es die Chance \u00fcber sogenanntes Patcheis zu trainieren. Hier verlangt der ICE-Dome Troisdorf einen Betrag von 14 Euro pro Teilnehmer, der <strong>bereits bei Buchung des Eises durch den Trainer bezahlt werden muss<\/strong>. Zus\u00e4tzlich kommt bei dieser Form des Trainings noch das Honorar des Trainers dazu, welches je nach Teilnehmerzahl variiert.<\/li>\n<\/ul>\n<\/li>\n<\/ul>\n\n\n\n<ul>\n<li>Preise werden automatisch bei den Terminen angezeigt, teilnehmerabh\u00e4ngige Preise \u00e4ndern sich automatisch, je mehr Leute sich anmelden.<\/li>\n<\/ul>\n<\/li>\n<\/ul>\n\n\n\n<ul>\n<li><mark style=\"background-color:#ffef8e\" class=\"has-inline-color has-dark-gray-color\">Wann muss ich bezahlen?<\/mark>\n<ul>\n<li>Sobald die Anmeldefrist bei einem Termin abgelaufen ist, stehen die Preise fest und m\u00fcssen <strong>umgehend an den Trainer \u00fcberwiesen werden<\/strong>. \u00dcberwiesen werden muss nicht nur die Geb\u00fchr f\u00fcr das Patcheis von 14 Euro, sondern auch das Honorar f\u00fcr den Trainer.<\/li>\n<\/ul>\n<\/li>\n<\/ul>\n\n\n\n<ul>\n<li><mark style=\"background-color:#ffef8e\" class=\"has-inline-color has-dark-gray-color\">Stornobedingungen:<\/mark>\n<ul>\n<li>Nach dem Ablaufen der Buchungsfrist ist es nicht mehr m\u00f6glich bestehende Buchungen zu \u00e4ndern oder zu stornieren. <strong>Eine bis dahin gebuchte Stunde muss bezahlt werden<\/strong>. In jedem Termin der noch buchbar ist steht die Frist bis wann man sich Anmelden und \u00c4nderungen vornehmen kann dabei.<\/li>\n<\/ul>\n<\/li>\n<\/ul>\n\n\n\n<ul>\n<li><mark style=\"background-color:#ff675f\" class=\"has-inline-color has-dark-gray-color\">Vorteile einer fr\u00fchen Terminbuchung:<\/mark>\n<ul>\n<li>Je eher ihr euch f\u00fcr einen Termin entscheidet und diesen bucht, desto wahrscheinlicher ist es, dass andere sich ebenfalls f\u00fcr diesen Termin anmelden und nicht aus Sorge \u00fcber wenige Anmeldungen zur\u00fcck schrecken. Bitte bedenkt immer: Jeder Termin der gebucht wird, ist bis zur gesetzten Frist auch wieder stornierbar.<\/li>\n<\/ul>\n<\/li>\n<\/ul>\n","protected":false},"excerpt":{"rendered":"<p>Hier findest du zu vielen Fragen, die passende Antwort<\/p>\n","protected":false},"author":1,"featured_media":0,"parent":0,"menu_order":0,"comment_status":"closed","ping_status":"closed","template":"","meta":[],"_links":{"self":[{"href":"https:\/\/duron900.de\/eislaufen\/index.php?rest_route=\/wp\/v2\/pages\/372"}],"collection":[{"href":"https:\/\/duron900.de\/eislaufen\/index.php?rest_route=\/wp\/v2\/pages"}],"about":[{"href":"https:\/\/duron900.de\/eislaufen\/index.php?rest_route=\/wp\/v2\/types\/page"}],"author":[{"embeddable":true,"href":"https:\/\/duron900.de\/eislaufen\/index.php?rest_route=\/wp\/v2\/users\/1"}],"replies":[{"embeddable":true,"href":"https:\/\/duron900.de\/eislaufen\/index.php?rest_route=%2Fwp%2Fv2%2Fcomments&post=372"}],"version-history":[{"count":4,"href":"https:\/\/duron900.de\/eislaufen\/index.php?rest_route=\/wp\/v2\/pages\/372\/revisions"}],"predecessor-version":[{"id":691,"href":"https:\/\/duron900.de\/eislaufen\/index.php?rest_route=\/wp\/v2\/pages\/372\/revisions\/691"}],"wp:attachment":[{"href":"https:\/\/duron900.de\/eislaufen\/index.php?rest_route=%2Fwp%2Fv2%2Fmedia&parent=372"}],"curies":[{"name":"wp","href":"https:\/\/api.w.org\/{rel}","templated":true}]}}