{"id":493,"date":"2023-06-09T09:55:04","date_gmt":"2023-06-09T07:55:04","guid":{"rendered":"https:\/\/duron900.de\/eislaufen\/?page_id=493"},"modified":"2025-11-28T23:26:44","modified_gmt":"2025-11-28T22:26:44","slug":"patcheis-im-mai-2","status":"publish","type":"page","link":"https:\/\/duron900.de\/eislaufen\/?page_id=493","title":{"rendered":"Winter Intensivkurse:"},"content":{"rendered":"\r\n<p style=\"text-align: left;\">M\u00f6chtest du laufen wie ein Profi?<\/p>\r\n\r\n\r\n\r\n<p>Dann bist du hier genau richtig.<br \/>Auf dem Eis kannst du noch einiges lernen und am n\u00e4chsten Tag nochmal zeigen, was du gelernt hast.<\/p>\r\n\r\n\r\n\r\n<p>Was erwartet dich?<br \/>&#8211; Grundlagen <br \/>&#8211; Slalom<br \/>&#8211; Pirouetten<br \/>&#8211; Bremsen<br \/>&#8211; Spr\u00fcnge<\/p>\r\n\r\n\r\n\r\n<p>Aber auch vieles anderes.<br \/>Du willst n\u00e4heres wissen, dann w\u00e4hle dir einen Kurs aus und erfahre n\u00e4heres.<\/p>\r\n\r\n\r\n\r\n<div style=\"position: relative; z-index: 1;\">\r\n<div style=\"position: absolute; z-index: -1; top: 0; bottom: 0; left: 0; right: 0; background: url('https:\/\/duron900.de\/eislaufen\/wp-content\/uploads\/2023\/09\/Unbenannt1.jpg'); background-repeat: no-repeat; opacity: .15; width: 100%; height: 100%;\">\u00a0<\/div>\r\n\r\n\r\n\r\n<p class=\"has-background\" style=\"background: linear-gradient(142deg,#88d3ff 0%,#ffffff 100%);\">Bitte denkt daran, dass F\u00fcr Bonn on Ice auch Eintritt bezahlt werden muss.<br \/>Der Verleih von Schlittschuhem ist ebenfalls gegen Geb\u00fchr m\u00f6glich.<\/p>\r\n\r\n\r\n<figure class=\"wp-block-table has-small-font-size\"><table><thead><tr><th class=\"has-text-align-center\" data-align=\"center\">Kurs:<\/th><th class=\"has-text-align-center\" data-align=\"center\">Von:<\/th><th class=\"has-text-align-center\" data-align=\"center\">Bis:<\/th><th class=\"has-text-align-center\" data-align=\"center\">Link<br>Reservierung:<\/th><th>Pl&auml;tze frei:<\/th><th>Preis:<\/th><\/tr><\/thead><tbody><tr><td class=\"has-text-align-center\" data-align=\"center\">Sommer- Intensiveiskurs f\u00fcr Alle  21.08.-23.08.26 Troisdorf<\/td><td class=\"has-text-align-center\" data-align=\"center\">Fr<br>21.08.2026<br>17:45Uhr<\/td><td class=\"has-text-align-center\" data-align=\"center\">So<br>23.08.2026<br>18:00Uhr<\/td><td class=\"has-text-align-center\" data-align=\"center\"><a href=\"https:\/\/duron900.de\/eislaufen\/?meetup=sommer-intensiveiskurs-fuer-alle-21-08-23-08-26-troisdorf\">Reservieren<\/a><\/td><td class=\"has-text-align-center\" data-align=\"center\"><font color=#00bc00>noch 45<\/font><\/td><td>220&euro; \/ 210&euro;<\/td><\/tr><\/tbody><\/table><\/figure>\n\r\n\r\n<\/div>\r\n","protected":false},"excerpt":{"rendered":"<p>M\u00f6chtest du laufen wie ein Profi? Dann bist du hier genau richtig.Auf dem Eis kannst du noch einiges lernen und am n\u00e4chsten Tag nochmal zeigen, was du gelernt hast. Was erwartet dich?&#8211; Grundlagen &#8211; Slalom&#8211; Pirouetten&#8211; Bremsen&#8211; Spr\u00fcnge Aber auch vieles anderes.Du willst n\u00e4heres wissen, dann w\u00e4hle dir einen Kurs aus und erfahre n\u00e4heres. \u00a0 &hellip; <a href=\"https:\/\/duron900.de\/eislaufen\/?page_id=493\" class=\"more-link\"><span class=\"screen-reader-text\">&#8222;Winter Intensivkurse:&#8220; <\/span>weiterlesen<\/a><\/p>\n","protected":false},"author":1,"featured_media":0,"parent":0,"menu_order":0,"comment_status":"closed","ping_status":"closed","template":"","meta":[],"_links":{"self":[{"href":"https:\/\/duron900.de\/eislaufen\/index.php?rest_route=\/wp\/v2\/pages\/493"}],"collection":[{"href":"https:\/\/duron900.de\/eislaufen\/index.php?rest_route=\/wp\/v2\/pages"}],"about":[{"href":"https:\/\/duron900.de\/eislaufen\/index.php?rest_route=\/wp\/v2\/types\/page"}],"author":[{"embeddable":true,"href":"https:\/\/duron900.de\/eislaufen\/index.php?rest_route=\/wp\/v2\/users\/1"}],"replies":[{"embeddable":true,"href":"https:\/\/duron900.de\/eislaufen\/index.php?rest_route=%2Fwp%2Fv2%2Fcomments&post=493"}],"version-history":[{"count":21,"href":"https:\/\/duron900.de\/eislaufen\/index.php?rest_route=\/wp\/v2\/pages\/493\/revisions"}],"predecessor-version":[{"id":1051,"href":"https:\/\/duron900.de\/eislaufen\/index.php?rest_route=\/wp\/v2\/pages\/493\/revisions\/1051"}],"wp:attachment":[{"href":"https:\/\/duron900.de\/eislaufen\/index.php?rest_route=%2Fwp%2Fv2%2Fmedia&parent=493"}],"curies":[{"name":"wp","href":"https:\/\/api.w.org\/{rel}","templated":true}]}}