{"id":672,"date":"2023-11-09T21:31:38","date_gmt":"2023-11-09T20:31:38","guid":{"rendered":"https:\/\/duron900.de\/eislaufen\/?page_id=672"},"modified":"2023-11-09T21:35:25","modified_gmt":"2023-11-09T20:35:25","slug":"so-sicherst-du-dir-deinen-platz-auf-dem-eis","status":"publish","type":"page","link":"https:\/\/duron900.de\/eislaufen\/?page_id=672","title":{"rendered":"So sicherst du dir deinen Platz auf dem Eis"},"content":{"rendered":"\n<p>Zu erst musst du dir einen passenden Termin aussuchen.<br>Da gibt es zwei M\u00f6glichkeiten.<\/p>\n\n\n\n<figure class=\"wp-block-table is-style-regular has-x-large-font-size\"><table><tbody><tr><td class=\"has-text-align-center\" data-align=\"center\">Alle Termine:<\/td><td class=\"has-text-align-center\" data-align=\"center\">Spezialkurse:<\/td><\/tr><tr><td class=\"has-text-align-center\" data-align=\"center\"><img decoding=\"async\" src=\"https:\/\/duron900.de\/eislaufen\/wp-content\/uploads\/2023\/11\/01-Termine-1024x657.png\" alt=\"\"><\/td><td class=\"has-text-align-center\" data-align=\"center\"><img decoding=\"async\" src=\"https:\/\/duron900.de\/eislaufen\/wp-content\/uploads\/2023\/11\/02-Termine-1024x682.png\" alt=\"\"><\/td><\/tr><\/tbody><\/table><\/figure>\n\n\n\n<p>Du klickst auf den Termin, der dir gef\u00e4llt.<\/p>\n\n\n<div class=\"wp-block-image\">\n<figure class=\"aligncenter size-full is-resized\"><img decoding=\"async\" loading=\"lazy\" src=\"https:\/\/duron900.de\/eislaufen\/wp-content\/uploads\/2023\/11\/04-Termine.png\" alt=\"\" class=\"wp-image-677\" width=\"496\" height=\"528\" srcset=\"https:\/\/duron900.de\/eislaufen\/wp-content\/uploads\/2023\/11\/04-Termine.png 792w, https:\/\/duron900.de\/eislaufen\/wp-content\/uploads\/2023\/11\/04-Termine-282x300.png 282w, https:\/\/duron900.de\/eislaufen\/wp-content\/uploads\/2023\/11\/04-Termine-768x818.png 768w\" sizes=\"(max-width: 496px) 85vw, 496px\" \/><figcaption class=\"wp-element-caption\">Hier kannst du dich f\u00fcr den Termin anmelden.<br>Du kannst dir diesen Termin auch in deinen Kalender eintragen<br>(Apple, Android und Outlook)<br><br>Du w\u00e4hlst aus, f\u00fcr wieviele Leute du dich anmelden m\u00f6chtest und klickst auf &#8222;Teilnahme best\u00e4tigen&#8220;<\/figcaption><\/figure><\/div>\n\n\n<figure class=\"wp-block-table\"><table><tbody><tr><td><img decoding=\"async\" src=\"https:\/\/duron900.de\/eislaufen\/wp-content\/uploads\/2023\/11\/05-Termine.png\" alt=\"\"><\/td><td><img decoding=\"async\" src=\"https:\/\/duron900.de\/eislaufen\/wp-content\/uploads\/2023\/11\/06-Termine.png\" alt=\"\"><\/td><\/tr><\/tbody><\/table><figcaption class=\"wp-element-caption\">Du wirst zuerst gefragt, ob du teilnehmen m\u00f6chtest.<br>Klar m\u00f6chtest du \ud83d\ude42<br><br>Sind genug Pl\u00e4tze frei?<br>Hat alles geklappt?<br>Wenn du die Meldung bekommst, dass &#8222;Dein Platz auf dem Eis&#8220; zum greifen nah ist, dann hat alles geklappt.<\/figcaption><\/figure>\n\n\n\n<figure class=\"wp-block-image size-full\"><img decoding=\"async\" loading=\"lazy\" width=\"786\" height=\"732\" src=\"https:\/\/duron900.de\/eislaufen\/wp-content\/uploads\/2023\/11\/07-Termine.png\" alt=\"\" class=\"wp-image-680\" srcset=\"https:\/\/duron900.de\/eislaufen\/wp-content\/uploads\/2023\/11\/07-Termine.png 786w, https:\/\/duron900.de\/eislaufen\/wp-content\/uploads\/2023\/11\/07-Termine-300x279.png 300w, https:\/\/duron900.de\/eislaufen\/wp-content\/uploads\/2023\/11\/07-Termine-768x715.png 768w\" sizes=\"(max-width: 786px) 85vw, 786px\" \/><figcaption class=\"wp-element-caption\">Dir wird wieder die Seite mit allen Informationen zum Termin angezeigt.<br>Aber nun ist der Termin gr\u00fcn und dir werden die Teilnahmekosten f\u00fcr den Kurs angezeigt.<\/figcaption><\/figure>\n\n\n<div class=\"wp-block-image\">\n<figure class=\"aligncenter size-full is-resized\"><img decoding=\"async\" loading=\"lazy\" src=\"https:\/\/duron900.de\/eislaufen\/wp-content\/uploads\/2023\/11\/09-Termine.png\" alt=\"\" class=\"wp-image-682\" width=\"524\" height=\"443\" srcset=\"https:\/\/duron900.de\/eislaufen\/wp-content\/uploads\/2023\/11\/09-Termine.png 970w, https:\/\/duron900.de\/eislaufen\/wp-content\/uploads\/2023\/11\/09-Termine-300x254.png 300w, https:\/\/duron900.de\/eislaufen\/wp-content\/uploads\/2023\/11\/09-Termine-768x651.png 768w\" sizes=\"(max-width: 524px) 85vw, 524px\" \/><figcaption class=\"wp-element-caption\">Du bekommst auch eine E-Mail.<br>Dort findest du deine Reservierungsnummer und weitere Informationen.<\/figcaption><\/figure><\/div>\n\n\n<figure class=\"wp-block-image size-large\"><img decoding=\"async\" loading=\"lazy\" width=\"1024\" height=\"698\" src=\"https:\/\/duron900.de\/eislaufen\/wp-content\/uploads\/2023\/11\/08-Termine-1024x698.png\" alt=\"\" class=\"wp-image-681\" srcset=\"https:\/\/duron900.de\/eislaufen\/wp-content\/uploads\/2023\/11\/08-Termine-1024x698.png 1024w, https:\/\/duron900.de\/eislaufen\/wp-content\/uploads\/2023\/11\/08-Termine-300x204.png 300w, https:\/\/duron900.de\/eislaufen\/wp-content\/uploads\/2023\/11\/08-Termine-768x523.png 768w, https:\/\/duron900.de\/eislaufen\/wp-content\/uploads\/2023\/11\/08-Termine.png 1130w\" sizes=\"(max-width: 709px) 85vw, (max-width: 909px) 67vw, (max-width: 1362px) 62vw, 840px\" \/><figcaption class=\"wp-element-caption\">Du brauchst nochmal einen \u00dcberblick \u00fcber alle deine Termine?<br>Klicke auf &#8222;Meine Termine&#8220;<br>Dort findest du sie alle.<\/figcaption><\/figure>\n","protected":false},"excerpt":{"rendered":"<p>Zu erst musst du dir einen passenden Termin aussuchen.Da gibt es zwei M\u00f6glichkeiten. Alle Termine: Spezialkurse: Du klickst auf den Termin, der dir gef\u00e4llt. Du wirst zuerst gefragt, ob du teilnehmen m\u00f6chtest.Klar m\u00f6chtest du \ud83d\ude42 Sind genug Pl\u00e4tze frei?Hat alles geklappt?Wenn du die Meldung bekommst, dass &#8222;Dein Platz auf dem Eis&#8220; zum greifen nah ist, &hellip; <a href=\"https:\/\/duron900.de\/eislaufen\/?page_id=672\" class=\"more-link\"><span class=\"screen-reader-text\">&#8222;So sicherst du dir deinen Platz auf dem Eis&#8220; <\/span>weiterlesen<\/a><\/p>\n","protected":false},"author":1,"featured_media":0,"parent":0,"menu_order":0,"comment_status":"closed","ping_status":"closed","template":"","meta":[],"_links":{"self":[{"href":"https:\/\/duron900.de\/eislaufen\/index.php?rest_route=\/wp\/v2\/pages\/672"}],"collection":[{"href":"https:\/\/duron900.de\/eislaufen\/index.php?rest_route=\/wp\/v2\/pages"}],"about":[{"href":"https:\/\/duron900.de\/eislaufen\/index.php?rest_route=\/wp\/v2\/types\/page"}],"author":[{"embeddable":true,"href":"https:\/\/duron900.de\/eislaufen\/index.php?rest_route=\/wp\/v2\/users\/1"}],"replies":[{"embeddable":true,"href":"https:\/\/duron900.de\/eislaufen\/index.php?rest_route=%2Fwp%2Fv2%2Fcomments&post=672"}],"version-history":[{"count":7,"href":"https:\/\/duron900.de\/eislaufen\/index.php?rest_route=\/wp\/v2\/pages\/672\/revisions"}],"predecessor-version":[{"id":693,"href":"https:\/\/duron900.de\/eislaufen\/index.php?rest_route=\/wp\/v2\/pages\/672\/revisions\/693"}],"wp:attachment":[{"href":"https:\/\/duron900.de\/eislaufen\/index.php?rest_route=%2Fwp%2Fv2%2Fmedia&parent=672"}],"curies":[{"name":"wp","href":"https:\/\/api.w.org\/{rel}","templated":true}]}}